{"id":9467,"date":"2020-08-20T12:02:48","date_gmt":"2020-08-20T12:02:48","guid":{"rendered":"https:\/\/bighearts.wgl-demo.net\/?page_id=3"},"modified":"2025-01-16T16:06:44","modified_gmt":"2025-01-16T16:06:44","slug":"terms-of-use","status":"publish","type":"page","link":"https:\/\/armkirik.ee\/et\/terms-of-use\/","title":{"rendered":"Kasutustingimused"},"content":{"rendered":"\r\n\r\n\r\n<p>Tere tulemast Eesti Armeenia kiriku veebisaidile. Nende tingimustega reguleerime oma veebisaidi kasutamist. Kui sisenete meie veebisaidile ja seda kasutate, n\u00f5ustute vaikimisi neid tingimusi t\u00e4itma. Kui te nende tingimuste mis tahes osaga ei n\u00f5ustu, l\u00f5petage palun meie veebisaidi kasutamine.<\/p>\r\n\r\n\r\n\r\n<h2 class=\"wp-block-heading\">Veebisaidi kasutamine<\/h2>\r\n\r\n\r\n\r\n\r\n\r\n<ol>\r\n<li>Sisu. Meie veebisaidil esitatud sisu eesm\u00e4rk on jagada ja vahendada teavet. Sisu v\u00f5ib ilma ette teatamata muutuda.<\/li>\r\n<li>T\u00e4psus. Meie eesm\u00e4rk on esitada veebisaidil t\u00e4pset ja asjakohast teavet. Sellest hoolimata ei saa me tagada, et meie veebisaidi teave on t\u00e4pne, t\u00e4ielik v\u00f5i usaldusv\u00e4\u00e4rne.<\/li>\r\n<li>Intellektuaalomand. Kui ei ole m\u00e4rgitud teisiti, on kogu selle veebisaidi sisu, sealhulgas tekst, graafika, logod, pildid ja tarkvara, Eesti Armeenia kiriku omand ning kaitstud autori\u00f5iguse seadustega. Te ei tohi kasutada, muuta, reprodutseerida ega levitada selle veebisaidi sisu ilma eelneva kirjaliku loata.<\/li>\r\n<\/ol>\r\n\r\n\r\n\r\n<h2>Kasutaja k\u00e4itumine<\/h2>\r\n<ol>\r\n<li>Keelatud tegevus. Kui te meie veebisaiti kasutate, n\u00f5ustute, et te ei osale \u00fcheski ebaseaduslikus ega keelatud tegevuses, muu hulgas n\u00f5ustute hoidumast\r\n<ul>\r\n<li>kehtivate seaduste v\u00f5i m\u00e4\u00e4ruste rikkumisest;<\/li>\r\n<li>mis tahes teise isiku v\u00f5i asutusena esinemisest;<\/li>\r\n<li>viiruste v\u00f5i muu kahjuliku tarkvara \u00fcleslaadimisest v\u00f5i edastamisest;<\/li>\r\n<li>meie veebisaidi v\u00f5i seda haldavate serverite t\u00f6\u00f6 h\u00e4irimisest.<\/li>\r\n<\/ul>\r\n<\/li>\r\n<li>Kasutaja teave. Kui esitate meie veebisaidile mis tahes sisu, sealhulgas kommentaare, ettepanekuid v\u00f5i muud materjali, annate meile \u00f5iguse neid kasutada, muuta ja levitada, ilma et peaksime nende eest h\u00fcvitist maksma.<\/li>\r\n<\/ol>\r\n\r\n\r\n\r\n\r\n\r\n<h2 class=\"wp-block-heading\">Privaatsus<\/h2>\r\n\r\n\r\n\r\n<p>Reguleerime oma veebisaidi kasutamist ka privaatsustingimustega, milles kirjeldame, kuidas me kogume, kasutame ja kaitseme teie isikuandmeid. Kui te meie veebisaiti kasutate, n\u00f5ustute, et kogume ja kasutame teie andmeid privaatsustingimustes kirjeldatud viisil.<\/p>\r\n\r\n\r\n\r\n<h2 class=\"wp-block-heading\">Viited kolmandate isikute veebisaitidele<\/h2>\r\n\r\n\r\n\r\n<p>Meie veebisait v\u00f5ib sisaldada viiteid kolmandate isikute veebisaitidele, et parandada teie kasutajakogemust. Nendel veebisaitidel on oma kasutus- ja privaatsustingimused, millega peaksite enne nende kasutamist tutvuma. Me ei kiida nende kolmandate isikute veebisaitide sisu heaks ega ole seda \u00fcle kontrollinud.<\/p>\r\n\r\n\r\n\r\n<h2 class=\"wp-block-heading\">Vastutuse v\u00e4listamine<\/h2>\r\n<ol>\r\n<li>Garantii puudub. Meie veebisaiti saab kasutada nii kaua, kui see on k\u00e4ttesaadav, ja sealjuures tuleb l\u00e4htuda sellest sisust, mida veebisaidil parasjagu esitatakse. Me ei anna ei vahetuid ega kaudseid tagatisi. Me ei taga, et meie veebisait t\u00f6\u00f6tab katkematult v\u00f5i veatult.<\/li>\r\n<li>Vastutuse piiramine. Armeenia kirik Eestis ei vastuta \u00fchelgi juhul otsese, kaudse, juhusliku ega spetsiifilise kahju eest, mis tuleneb meie veebisaidi kasutamisest v\u00f5i on sellega kuidagi seotud.<\/li>\r\n<\/ol>\r\n\r\n\r\n\r\n<h2 class=\"wp-block-heading\">Kasutustingimuste muudatused.<\/h2>\r\n<p>Meil on \u00f5igus neid kasutustingimusi igal ajal ajakohastada v\u00f5i muuta. Kui me muudatusi teeme, avaldame need sellel lehel ja uuendame nende j\u00f5ustumise kuup\u00e4eva.<\/p>\r\n\r\n\r\n\r\n<h2 class=\"wp-block-heading\">Rakendatavad seadused<\/h2>\r\n<p>Nendes kasutustingimustes l\u00e4htutakse Eestis kehtivatest seadustest ja neid tuleks t\u00f5lgendada koosk\u00f5las Eesti seadustega. K\u00f5ik vaidlused, mis tulenevad kasutustingimustest v\u00f5i on nendega seotud, lahendatakse Eesti kohtutes.<\/p>\r\n\r\n\r\n\r\n<h2 class=\"wp-block-heading\">V\u00f5tke meiega \u00fchendust<\/h2>\r\n<p>Kui teil on meie kasutustingimuste kohta v\u00f5i teie isikuandmete t\u00f6\u00f6tlemise kohta k\u00fcsimusi v\u00f5i muresid, v\u00f5tke meiega \u00fchendust e-posti aadressil\u00a0<a href=\"mailto:armeenia.kirik@gmail.com\">armeenia.kirik@gmail.com<\/a> v\u00f5i posti teel Tartu mnt 16, Tallinn, Estonia.<\/p>\r\n\r\n\r\n\r\n<h4 class=\"wp-block-heading\">Neid kasutustingimusi ajakohastati viimati 30.V.2024 .<\/h4>\r\n","protected":false},"excerpt":{"rendered":"<p>Tere tulemast Eesti Armeenia kiriku veebisaidile. Nende tingimustega reguleerime oma veebisaidi kasutamist. Kui sisenete meie veebisaidile ja seda kasutate, n\u00f5ustute vaikimisi neid tingimusi t\u00e4itma. Kui te nende tingimuste mis tahes osaga ei n\u00f5ustu, l\u00f5petage palun meie veebisaidi kasutamine. Veebisaidi kasutamine Sisu. Meie veebisaidil esitatud sisu eesm\u00e4rk on jagada ja vahendada teavet. Sisu v\u00f5ib ilma ette [&hellip;]<\/p>\n","protected":false},"author":1,"featured_media":0,"parent":0,"menu_order":0,"comment_status":"closed","ping_status":"open","template":"","meta":{"_acf_changed":false,"footnotes":""},"acf":[],"yoast_head":"<!-- This site is optimized with the Yoast SEO plugin v23.6 - https:\/\/yoast.com\/wordpress\/plugins\/seo\/ -->\n<title>Kasutustingimused - Armkirik<\/title>\n<meta name=\"robots\" content=\"noindex, follow, max-snippet:-1, max-image-preview:large, max-video-preview:-1\" \/>\n<meta property=\"og:locale\" content=\"et_EE\" \/>\n<meta property=\"og:type\" content=\"article\" \/>\n<meta property=\"og:title\" content=\"Kasutustingimused - Armkirik\" \/>\n<meta property=\"og:description\" content=\"Tere tulemast Eesti Armeenia kiriku veebisaidile. Nende tingimustega reguleerime oma veebisaidi kasutamist. Kui sisenete meie veebisaidile ja seda kasutate, n\u00f5ustute vaikimisi neid tingimusi t\u00e4itma. Kui te nende tingimuste mis tahes osaga ei n\u00f5ustu, l\u00f5petage palun meie veebisaidi kasutamine. Veebisaidi kasutamine Sisu. Meie veebisaidil esitatud sisu eesm\u00e4rk on jagada ja vahendada teavet. Sisu v\u00f5ib ilma ette [&hellip;]\" \/>\n<meta property=\"og:url\" content=\"https:\/\/armkirik.ee\/et\/terms-of-use\/\" \/>\n<meta property=\"og:site_name\" content=\"Armkirik\" \/>\n<meta property=\"article:modified_time\" content=\"2025-01-16T16:06:44+00:00\" \/>\n<meta property=\"og:image\" content=\"https:\/\/armkirik.ee\/app\/uploads\/2024\/10\/khor-virap-monastery-in-armenia-2023-11-27-04-55-38-utc-copy-scaled-_2_-_1_.webp\" \/>\n\t<meta property=\"og:image:width\" content=\"1382\" \/>\n\t<meta property=\"og:image:height\" content=\"794\" \/>\n\t<meta property=\"og:image:type\" content=\"image\/jpeg\" \/>\n<meta name=\"twitter:card\" content=\"summary_large_image\" \/>\n<meta name=\"twitter:label1\" content=\"Est. reading time\" \/>\n\t<meta name=\"twitter:data1\" content=\"2 minutit\" \/>\n<script type=\"application\/ld+json\" class=\"yoast-schema-graph\">{\"@context\":\"https:\/\/schema.org\",\"@graph\":[{\"@type\":\"WebPage\",\"@id\":\"https:\/\/armkirik.ee\/et\/terms-of-use\/\",\"url\":\"https:\/\/armkirik.ee\/et\/terms-of-use\/\",\"name\":\"Kasutustingimused - Armkirik\",\"isPartOf\":{\"@id\":\"https:\/\/armkirik.ee\/et\/#website\"},\"datePublished\":\"2020-08-20T12:02:48+00:00\",\"dateModified\":\"2025-01-16T16:06:44+00:00\",\"breadcrumb\":{\"@id\":\"https:\/\/armkirik.ee\/et\/terms-of-use\/#breadcrumb\"},\"inLanguage\":\"et\",\"potentialAction\":[{\"@type\":\"ReadAction\",\"target\":[\"https:\/\/armkirik.ee\/et\/terms-of-use\/\"]}]},{\"@type\":\"BreadcrumbList\",\"@id\":\"https:\/\/armkirik.ee\/et\/terms-of-use\/#breadcrumb\",\"itemListElement\":[{\"@type\":\"ListItem\",\"position\":1,\"name\":\"Home\",\"item\":\"https:\/\/armkirik.ee\/et\/\"},{\"@type\":\"ListItem\",\"position\":2,\"name\":\"Kasutustingimused\"}]},{\"@type\":\"WebSite\",\"@id\":\"https:\/\/armkirik.ee\/et\/#website\",\"url\":\"https:\/\/armkirik.ee\/et\/\",\"name\":\"Armkirik\",\"description\":\"\",\"publisher\":{\"@id\":\"https:\/\/armkirik.ee\/et\/#organization\"},\"potentialAction\":[{\"@type\":\"SearchAction\",\"target\":{\"@type\":\"EntryPoint\",\"urlTemplate\":\"https:\/\/armkirik.ee\/et\/?s={search_term_string}\"},\"query-input\":{\"@type\":\"PropertyValueSpecification\",\"valueRequired\":true,\"valueName\":\"search_term_string\"}}],\"inLanguage\":\"et\"},{\"@type\":\"Organization\",\"@id\":\"https:\/\/armkirik.ee\/et\/#organization\",\"name\":\"Armkirik\",\"url\":\"https:\/\/armkirik.ee\/et\/\",\"logo\":{\"@type\":\"ImageObject\",\"inLanguage\":\"et\",\"@id\":\"https:\/\/armkirik.ee\/et\/#\/schema\/logo\/image\/\",\"url\":\"https:\/\/armkirik.ee\/app\/uploads\/2024\/10\/khor-virap-monastery-in-armenia-2023-11-27-04-55-38-utc-copy-scaled-1.jpg\",\"contentUrl\":\"https:\/\/armkirik.ee\/app\/uploads\/2024\/10\/khor-virap-monastery-in-armenia-2023-11-27-04-55-38-utc-copy-scaled-1.jpg\",\"width\":1382,\"height\":794,\"caption\":\"Armkirik\"},\"image\":{\"@id\":\"https:\/\/armkirik.ee\/et\/#\/schema\/logo\/image\/\"}}]}<\/script>\n<!-- \/ Yoast SEO plugin. -->","yoast_head_json":{"title":"Kasutustingimused - Armkirik","robots":{"index":"noindex","follow":"follow","max-snippet":"max-snippet:-1","max-image-preview":"max-image-preview:large","max-video-preview":"max-video-preview:-1"},"og_locale":"et_EE","og_type":"article","og_title":"Kasutustingimused - Armkirik","og_description":"Tere tulemast Eesti Armeenia kiriku veebisaidile. Nende tingimustega reguleerime oma veebisaidi kasutamist. Kui sisenete meie veebisaidile ja seda kasutate, n\u00f5ustute vaikimisi neid tingimusi t\u00e4itma. Kui te nende tingimuste mis tahes osaga ei n\u00f5ustu, l\u00f5petage palun meie veebisaidi kasutamine. Veebisaidi kasutamine Sisu. Meie veebisaidil esitatud sisu eesm\u00e4rk on jagada ja vahendada teavet. Sisu v\u00f5ib ilma ette [&hellip;]","og_url":"https:\/\/armkirik.ee\/et\/terms-of-use\/","og_site_name":"Armkirik","article_modified_time":"2025-01-16T16:06:44+00:00","og_image":[{"width":1382,"height":794,"url":"https:\/\/armkirik.ee\/app\/uploads\/2024\/10\/khor-virap-monastery-in-armenia-2023-11-27-04-55-38-utc-copy-scaled-_2_-_1_.webp","type":"image\/jpeg"}],"twitter_card":"summary_large_image","twitter_misc":{"Est. reading time":"2 minutit"},"schema":{"@context":"https:\/\/schema.org","@graph":[{"@type":"WebPage","@id":"https:\/\/armkirik.ee\/et\/terms-of-use\/","url":"https:\/\/armkirik.ee\/et\/terms-of-use\/","name":"Kasutustingimused - Armkirik","isPartOf":{"@id":"https:\/\/armkirik.ee\/et\/#website"},"datePublished":"2020-08-20T12:02:48+00:00","dateModified":"2025-01-16T16:06:44+00:00","breadcrumb":{"@id":"https:\/\/armkirik.ee\/et\/terms-of-use\/#breadcrumb"},"inLanguage":"et","potentialAction":[{"@type":"ReadAction","target":["https:\/\/armkirik.ee\/et\/terms-of-use\/"]}]},{"@type":"BreadcrumbList","@id":"https:\/\/armkirik.ee\/et\/terms-of-use\/#breadcrumb","itemListElement":[{"@type":"ListItem","position":1,"name":"Home","item":"https:\/\/armkirik.ee\/et\/"},{"@type":"ListItem","position":2,"name":"Kasutustingimused"}]},{"@type":"WebSite","@id":"https:\/\/armkirik.ee\/et\/#website","url":"https:\/\/armkirik.ee\/et\/","name":"Armkirik","description":"","publisher":{"@id":"https:\/\/armkirik.ee\/et\/#organization"},"potentialAction":[{"@type":"SearchAction","target":{"@type":"EntryPoint","urlTemplate":"https:\/\/armkirik.ee\/et\/?s={search_term_string}"},"query-input":{"@type":"PropertyValueSpecification","valueRequired":true,"valueName":"search_term_string"}}],"inLanguage":"et"},{"@type":"Organization","@id":"https:\/\/armkirik.ee\/et\/#organization","name":"Armkirik","url":"https:\/\/armkirik.ee\/et\/","logo":{"@type":"ImageObject","inLanguage":"et","@id":"https:\/\/armkirik.ee\/et\/#\/schema\/logo\/image\/","url":"https:\/\/armkirik.ee\/app\/uploads\/2024\/10\/khor-virap-monastery-in-armenia-2023-11-27-04-55-38-utc-copy-scaled-1.jpg","contentUrl":"https:\/\/armkirik.ee\/app\/uploads\/2024\/10\/khor-virap-monastery-in-armenia-2023-11-27-04-55-38-utc-copy-scaled-1.jpg","width":1382,"height":794,"caption":"Armkirik"},"image":{"@id":"https:\/\/armkirik.ee\/et\/#\/schema\/logo\/image\/"}}]}},"_links":{"self":[{"href":"https:\/\/armkirik.ee\/et\/wp-json\/wp\/v2\/pages\/9467"}],"collection":[{"href":"https:\/\/armkirik.ee\/et\/wp-json\/wp\/v2\/pages"}],"about":[{"href":"https:\/\/armkirik.ee\/et\/wp-json\/wp\/v2\/types\/page"}],"author":[{"embeddable":true,"href":"https:\/\/armkirik.ee\/et\/wp-json\/wp\/v2\/users\/1"}],"replies":[{"embeddable":true,"href":"https:\/\/armkirik.ee\/et\/wp-json\/wp\/v2\/comments?post=9467"}],"version-history":[{"count":5,"href":"https:\/\/armkirik.ee\/et\/wp-json\/wp\/v2\/pages\/9467\/revisions"}],"predecessor-version":[{"id":13392,"href":"https:\/\/armkirik.ee\/et\/wp-json\/wp\/v2\/pages\/9467\/revisions\/13392"}],"wp:attachment":[{"href":"https:\/\/armkirik.ee\/et\/wp-json\/wp\/v2\/media?parent=9467"}],"curies":[{"name":"wp","href":"https:\/\/api.w.org\/{rel}","templated":true}]}}